{"id":12241,"date":"2022-04-04T21:38:16","date_gmt":"2022-04-04T21:38:16","guid":{"rendered":"https:\/\/pimpampum.fr\/?p=12241"},"modified":"2022-11-03T20:06:55","modified_gmt":"2022-11-03T20:06:55","slug":"projets-en-partenariat-campagne-moins-attention-a-les-femmes-plus-education-pour-les-hommes-moins-daide-pour-les-femmes-en-raison-de-la-violence-sexiste","status":"publish","type":"page","link":"https:\/\/pimpampum.fr\/en\/projets-en-partenariat-campagne-moins-attention-a-les-femmes-plus-education-pour-les-hommes-moins-daide-pour-les-femmes-en-raison-de-la-violence-sexiste\/","title":{"rendered":"Projets en partenariat : Campagne : MOINS attention A LES FEMMES, PLUS \u00e9ducation pour LES HOMMES = moins d&rsquo;aide pour les femmes en raison de la violence sexiste"},"content":{"rendered":"<div data-elementor-type=\"wp-post\" data-elementor-id=\"12241\" class=\"elementor elementor-12241\">\n\t\t\t\t\t\t<section class=\"elementor-section elementor-top-section elementor-element elementor-element-18e5182 elementor-section-boxed elementor-section-height-default elementor-section-height-default\" data-id=\"18e5182\" data-element_type=\"section\" data-e-type=\"section\">\n\t\t\t\t\t\t<div class=\"elementor-container elementor-column-gap-default\">\n\t\t\t\t\t<div class=\"elementor-column elementor-col-100 elementor-top-column elementor-element elementor-element-5cf2bf2\" data-id=\"5cf2bf2\" data-element_type=\"column\" data-e-type=\"column\">\n\t\t\t<div class=\"elementor-widget-wrap elementor-element-populated\">\n\t\t\t\t\t\t<div class=\"elementor-element elementor-element-281dbed elementor-widget elementor-widget-text-editor\" data-id=\"281dbed\" data-element_type=\"widget\" data-e-type=\"widget\" data-widget_type=\"text-editor.default\">\n\t\t\t\t<div class=\"elementor-widget-container\">\n\t\t\t\t\t\t\t\t\t<div class=\"docos-replyview-body docos-anchoredreplyview-body\" dir=\"ltr\">Campagne : MOINS attention a les FEMMES, PLUS \u00e9ducation pour les HOMMES = moins d\u2019aide pour les femmes en raison de la violence sexiste.<\/div><ul class=\"ul1\"><li><span class=\"s2\">Projet en collaboration la Fondation Yuruani (Suisse), l&rsquo;Association Jardiniers Culturels (France).<\/span><\/li><\/ul>\t\t\t\t\t\t\t\t<\/div>\n\t\t\t\t<\/div>\n\t\t\t\t\t<\/div>\n\t\t<\/div>\n\t\t\t\t\t<\/div>\n\t\t<\/section>\n\t\t\t\t<section class=\"elementor-section elementor-top-section elementor-element elementor-element-9142cb2 elementor-section-boxed elementor-section-height-default elementor-section-height-default\" data-id=\"9142cb2\" data-element_type=\"section\" data-e-type=\"section\">\n\t\t\t\t\t\t<div class=\"elementor-container elementor-column-gap-default\">\n\t\t\t\t\t<div class=\"elementor-column elementor-col-100 elementor-top-column elementor-element elementor-element-5b9ad9c\" data-id=\"5b9ad9c\" data-element_type=\"column\" data-e-type=\"column\">\n\t\t\t<div class=\"elementor-widget-wrap elementor-element-populated\">\n\t\t\t\t\t\t<section class=\"elementor-section elementor-inner-section elementor-element elementor-element-ebf9f04 elementor-section-boxed elementor-section-height-default elementor-section-height-default\" data-id=\"ebf9f04\" data-element_type=\"section\" data-e-type=\"section\">\n\t\t\t\t\t\t<div class=\"elementor-container elementor-column-gap-default\">\n\t\t\t\t\t<div class=\"elementor-column elementor-col-50 elementor-inner-column elementor-element elementor-element-669583a\" data-id=\"669583a\" data-element_type=\"column\" data-e-type=\"column\">\n\t\t\t<div class=\"elementor-widget-wrap elementor-element-populated\">\n\t\t\t\t\t\t<div class=\"elementor-element elementor-element-ed39e0c elementor-widget elementor-widget-heading\" data-id=\"ed39e0c\" data-element_type=\"widget\" data-e-type=\"widget\" data-widget_type=\"heading.default\">\n\t\t\t\t<div class=\"elementor-widget-container\">\n\t\t\t\t\t<h2 class=\"elementor-heading-title elementor-size-default\">Campagne pour l'\u00e9galit\u00e9 des genres.<\/h2>\t\t\t\t<\/div>\n\t\t\t\t<\/div>\n\t\t\t\t<div class=\"elementor-element elementor-element-13f65d3 elementor-widget elementor-widget-text-editor\" data-id=\"13f65d3\" data-element_type=\"widget\" data-e-type=\"widget\" data-widget_type=\"text-editor.default\">\n\t\t\t\t<div class=\"elementor-widget-container\">\n\t\t\t\t\t\t\t\t\t<p>Campagne visuelle, qui \u00e0 travers des images amusantes, tente d&rsquo;attirer l&rsquo;attention de diff\u00e9rents secteurs par un titre provocateur. La campagne tente d&rsquo;attirer l&rsquo;attention, par le biais d&rsquo;images fixes et de mat\u00e9riel audiovisuel, sur l&rsquo;\u00e9ducation des hommes par rapport aux femmes et de pr\u00e9venir la violence sexiste. Promouvoir davantage de campagnes qui parlent des diff\u00e9rences entre les sexes et se concentrent davantage sur l&rsquo;\u00e9ducation des hommes pour qu&rsquo;ils respectent les femmes, de sorte qu&rsquo;il y ait de moins en moins de campagnes visant \u00e0 prot\u00e9ger les femmes et \u00e0 les aider \u00e0 la suite de violences sexistes.<br \/>La campagne \u00e9tait ax\u00e9e sur le slogan suivant : \u00ab\u00a0\u00c0 notre \u00e9poque, l&rsquo;autonomization des femmes est sur la bonne voie, il faut maintenant s&rsquo;attaquer aux causes profondes de l&rsquo;in\u00e9galit\u00e9.<\/p><p>The campaign aims to create widespread awareness through social media, by inviting the sharing of awareness-raising images and encouraging their circulation.<\/p>\t\t\t\t\t\t\t\t<\/div>\n\t\t\t\t<\/div>\n\t\t\t\t<div class=\"elementor-element elementor-element-1c3f83c elementor-align-center elementor-widget elementor-widget-button\" data-id=\"1c3f83c\" data-element_type=\"widget\" data-e-type=\"widget\" data-widget_type=\"button.default\">\n\t\t\t\t<div class=\"elementor-widget-container\">\n\t\t\t\t\t\t\t\t\t<div class=\"elementor-button-wrapper\">\n\t\t\t\t\t<a class=\"elementor-button elementor-button-link elementor-size-md\" href=\"#start\">\n\t\t\t\t\t\t<span class=\"elementor-button-content-wrapper\">\n\t\t\t\t\t\t\t\t\t<span class=\"elementor-button-text\">Faire partie !<\/span>\n\t\t\t\t\t<\/span>\n\t\t\t\t\t<\/a>\n\t\t\t\t<\/div>\n\t\t\t\t\t\t\t\t<\/div>\n\t\t\t\t<\/div>\n\t\t\t\t\t<\/div>\n\t\t<\/div>\n\t\t\t\t<div class=\"elementor-column elementor-col-50 elementor-inner-column elementor-element elementor-element-1d09d62\" data-id=\"1d09d62\" data-element_type=\"column\" data-e-type=\"column\" data-settings=\"{&quot;background_background&quot;:&quot;gradient&quot;}\">\n\t\t\t<div class=\"elementor-widget-wrap elementor-element-populated\">\n\t\t\t\t\t\t<div class=\"elementor-element elementor-element-6e8abed elementor-widget elementor-widget-heading\" data-id=\"6e8abed\" data-element_type=\"widget\" data-e-type=\"widget\" data-widget_type=\"heading.default\">\n\t\t\t\t<div class=\"elementor-widget-container\">\n\t\t\t\t\t<h2 class=\"elementor-heading-title elementor-size-default\">Details<\/h2>\t\t\t\t<\/div>\n\t\t\t\t<\/div>\n\t\t\t\t<div class=\"elementor-element elementor-element-5850aa5 elementor-widget elementor-widget-text-editor\" data-id=\"5850aa5\" data-element_type=\"widget\" data-e-type=\"widget\" data-widget_type=\"text-editor.default\">\n\t\t\t\t<div class=\"elementor-widget-container\">\n\t\t\t\t\t\t\t\t\t<p><strong>Field: <\/strong>Arts, graphic design, journalism, writing, education, illustration, audiovisual, social networking.<\/p><p><strong>Type of project:<\/strong> \u00c9galit\u00e9 des genres, sensibilisation, \u00e9ducation, national e internationale .<\/p><p><strong>Beneficiaries: P<\/strong>Global population<\/p><p><strong>Public: <\/strong><br \/>Open to all<\/p><p><strong>Key project dates:<\/strong><br \/>Rencontre (en ligne) inter-institutionnelle pour d\u00e9finir les d\u00e9tails de la campagne: 08 avril 2022<\/p><p><strong style=\"font-family: var( --e-global-typography-text-font-family ), Sans-serif; background-color: transparent;\">In collaboration with:<\/strong><\/p><p><span class=\"s2\">Fondation Yuruani (Suisse), l&rsquo;Association Jardiniers Culturels (France).<\/span><\/p>\t\t\t\t\t\t\t\t<\/div>\n\t\t\t\t<\/div>\n\t\t\t\t\t<\/div>\n\t\t<\/div>\n\t\t\t\t\t<\/div>\n\t\t<\/section>\n\t\t\t\t<div class=\"elementor-element elementor-element-79ea369 elementor-widget elementor-widget-spacer\" data-id=\"79ea369\" data-element_type=\"widget\" data-e-type=\"widget\" data-widget_type=\"spacer.default\">\n\t\t\t\t<div class=\"elementor-widget-container\">\n\t\t\t\t\t\t\t<div class=\"elementor-spacer\">\n\t\t\t<div class=\"elementor-spacer-inner\"><\/div>\n\t\t<\/div>\n\t\t\t\t\t\t<\/div>\n\t\t\t\t<\/div>\n\t\t\t\t\t<\/div>\n\t\t<\/div>\n\t\t\t\t\t<\/div>\n\t\t<\/section>\n\t\t\t\t<section class=\"elementor-section elementor-top-section elementor-element elementor-element-7430e84 elementor-section-boxed elementor-section-height-default elementor-section-height-default\" data-id=\"7430e84\" data-element_type=\"section\" data-e-type=\"section\">\n\t\t\t\t\t\t<div class=\"elementor-container elementor-column-gap-default\">\n\t\t\t\t\t<div class=\"elementor-column elementor-col-100 elementor-top-column elementor-element elementor-element-28d9c21\" data-id=\"28d9c21\" data-element_type=\"column\" data-e-type=\"column\">\n\t\t\t<div class=\"elementor-widget-wrap\">\n\t\t\t\t\t\t\t<\/div>\n\t\t<\/div>\n\t\t\t\t\t<\/div>\n\t\t<\/section>\n\t\t\t\t<section class=\"elementor-section elementor-top-section elementor-element elementor-element-0ebef99 elementor-section-boxed elementor-section-height-default elementor-section-height-default\" data-id=\"0ebef99\" data-element_type=\"section\" data-e-type=\"section\">\n\t\t\t\t\t\t<div class=\"elementor-container elementor-column-gap-default\">\n\t\t\t\t\t<div class=\"elementor-column elementor-col-100 elementor-top-column elementor-element elementor-element-9f0b8af\" data-id=\"9f0b8af\" data-element_type=\"column\" data-e-type=\"column\">\n\t\t\t<div class=\"elementor-widget-wrap elementor-element-populated\">\n\t\t\t\t\t\t<div class=\"elementor-element elementor-element-5ae2359 elementor-widget elementor-widget-progress\" data-id=\"5ae2359\" data-element_type=\"widget\" data-e-type=\"widget\" data-widget_type=\"progress.default\">\n\t\t\t\t<div class=\"elementor-widget-container\">\n\t\t\t\t\t\t\t\t<span class=\"elementor-title\" id=\"elementor-progress-bar-5ae2359\">\n\t\t\t\tMOINS attention a les FEMMES, PLUS \u00e9ducation pour les HOMMES\t\t\t<\/span>\n\t\t\n\t\t<div aria-labelledby=\"elementor-progress-bar-5ae2359\" class=\"elementor-progress-wrapper progress-info\" role=\"progressbar\" aria-valuemin=\"0\" aria-valuemax=\"100\" aria-valuenow=\"75\" aria-valuetext=\"75% (Conception )\">\n\t\t\t<div class=\"elementor-progress-bar\" data-max=\"75\">\n\t\t\t\t<span class=\"elementor-progress-text\">Design <\/span>\n\t\t\t\t\t\t\t<\/div>\n\t\t<\/div>\n\t\t\t\t\t\t<\/div>\n\t\t\t\t<\/div>\n\t\t\t\t<div class=\"elementor-element elementor-element-0264898 elementor-widget elementor-widget-progress\" data-id=\"0264898\" data-element_type=\"widget\" data-e-type=\"widget\" data-widget_type=\"progress.default\">\n\t\t\t\t<div class=\"elementor-widget-container\">\n\t\t\t\t\t\n\t\t<div class=\"elementor-progress-wrapper progress-info\" role=\"progressbar\" aria-valuemin=\"0\" aria-valuemax=\"100\" aria-valuenow=\"12\" aria-valuetext=\"12% (D\u00e9veloppement )\">\n\t\t\t<div class=\"elementor-progress-bar\" data-max=\"12\">\n\t\t\t\t<span class=\"elementor-progress-text\">D\u00e9veloppement <\/span>\n\t\t\t\t\t\t\t<\/div>\n\t\t<\/div>\n\t\t\t\t\t\t<\/div>\n\t\t\t\t<\/div>\n\t\t\t\t<div class=\"elementor-element elementor-element-a7234df elementor-widget elementor-widget-progress\" data-id=\"a7234df\" data-element_type=\"widget\" data-e-type=\"widget\" data-widget_type=\"progress.default\">\n\t\t\t\t<div class=\"elementor-widget-container\">\n\t\t\t\t\t\n\t\t<div class=\"elementor-progress-wrapper progress-info\" role=\"progressbar\" aria-valuemin=\"0\" aria-valuemax=\"100\" aria-valuenow=\"12\" aria-valuetext=\"12% (Ex\u00e9cution )\">\n\t\t\t<div class=\"elementor-progress-bar\" data-max=\"12\">\n\t\t\t\t<span class=\"elementor-progress-text\">Execution <\/span>\n\t\t\t\t\t\t\t<\/div>\n\t\t<\/div>\n\t\t\t\t\t\t<\/div>\n\t\t\t\t<\/div>\n\t\t\t\t<div class=\"elementor-element elementor-element-9ba1c87 elementor-widget elementor-widget-progress\" data-id=\"9ba1c87\" data-element_type=\"widget\" data-e-type=\"widget\" data-widget_type=\"progress.default\">\n\t\t\t\t<div class=\"elementor-widget-container\">\n\t\t\t\t\t\n\t\t<div class=\"elementor-progress-wrapper progress-warning\" role=\"progressbar\" aria-valuemin=\"0\" aria-valuemax=\"100\" aria-valuenow=\"12\" aria-valuetext=\"12% (Diffusion et visibilit\u00e9)\">\n\t\t\t<div class=\"elementor-progress-bar\" data-max=\"12\">\n\t\t\t\t<span class=\"elementor-progress-text\">Distribution and visibility<\/span>\n\t\t\t\t\t\t\t<\/div>\n\t\t<\/div>\n\t\t\t\t\t\t<\/div>\n\t\t\t\t<\/div>\n\t\t\t\t\t<\/div>\n\t\t<\/div>\n\t\t\t\t\t<\/div>\n\t\t<\/section>\n\t\t\t\t<\/div>","protected":false},"excerpt":{"rendered":"<p>Campagne : MOINS attention a les FEMMES, PLUS \u00e9ducation pour les HOMMES = moins d\u2019aide pour les femmes en raison de la violence sexiste. Projet en collaboration la Fondation Yuruani (Suisse), l&rsquo;Association Jardiniers Culturels (France). Campagne pour l&rsquo;\u00e9galit\u00e9 des genres.&hellip;<\/p>\n<p> <a class=\"more-link\" href=\"https:\/\/pimpampum.fr\/en\/projets-en-partenariat-campagne-moins-attention-a-les-femmes-plus-education-pour-les-hommes-moins-daide-pour-les-femmes-en-raison-de-la-violence-sexiste\/\">Read more<\/a><\/p>","protected":false},"author":1,"featured_media":11975,"parent":0,"menu_order":3,"comment_status":"open","ping_status":"open","template":"","meta":{"googlesitekit_rrm_CAowsNXCDA:productID":"","footnotes":""},"class_list":["post-12241","page","type-page","status-publish","has-post-thumbnail"],"_links":{"self":[{"href":"https:\/\/pimpampum.fr\/en\/wp-json\/wp\/v2\/pages\/12241","targetHints":{"allow":["GET"]}}],"collection":[{"href":"https:\/\/pimpampum.fr\/en\/wp-json\/wp\/v2\/pages"}],"about":[{"href":"https:\/\/pimpampum.fr\/en\/wp-json\/wp\/v2\/types\/page"}],"author":[{"embeddable":true,"href":"https:\/\/pimpampum.fr\/en\/wp-json\/wp\/v2\/users\/1"}],"replies":[{"embeddable":true,"href":"https:\/\/pimpampum.fr\/en\/wp-json\/wp\/v2\/comments?post=12241"}],"version-history":[{"count":4,"href":"https:\/\/pimpampum.fr\/en\/wp-json\/wp\/v2\/pages\/12241\/revisions"}],"predecessor-version":[{"id":12688,"href":"https:\/\/pimpampum.fr\/en\/wp-json\/wp\/v2\/pages\/12241\/revisions\/12688"}],"wp:featuredmedia":[{"embeddable":true,"href":"https:\/\/pimpampum.fr\/en\/wp-json\/wp\/v2\/media\/11975"}],"wp:attachment":[{"href":"https:\/\/pimpampum.fr\/en\/wp-json\/wp\/v2\/media?parent=12241"}],"curies":[{"name":"wp","href":"https:\/\/api.w.org\/{rel}","templated":true}]}}