{"id":14345,"date":"2025-04-14T17:03:46","date_gmt":"2025-04-14T17:03:46","guid":{"rendered":"https:\/\/pimpampum.fr\/?page_id=14345"},"modified":"2025-12-01T19:17:26","modified_gmt":"2025-12-01T19:17:26","slug":"chef-shirly-duran","status":"publish","type":"page","link":"https:\/\/pimpampum.fr\/en\/chef-shirly-duran\/","title":{"rendered":"Chef Shirly DURAN"},"content":{"rendered":"<div data-elementor-type=\"wp-page\" data-elementor-id=\"14345\" class=\"elementor elementor-14345\">\n\t\t\t\t\t\t<section class=\"elementor-section elementor-top-section elementor-element elementor-element-0a4ddc0 elementor-section-boxed elementor-section-height-default elementor-section-height-default\" data-id=\"0a4ddc0\" data-element_type=\"section\" data-e-type=\"section\">\n\t\t\t\t\t\t<div class=\"elementor-container elementor-column-gap-default\">\n\t\t\t\t\t<div class=\"elementor-column elementor-col-100 elementor-top-column elementor-element elementor-element-08aceb5\" data-id=\"08aceb5\" data-element_type=\"column\" data-e-type=\"column\">\n\t\t\t<div class=\"elementor-widget-wrap\">\n\t\t\t\t\t\t\t<\/div>\n\t\t<\/div>\n\t\t\t\t\t<\/div>\n\t\t<\/section>\n\t\t\t\t<section class=\"elementor-section elementor-top-section elementor-element elementor-element-5121a14 elementor-section-boxed elementor-section-height-default elementor-section-height-default\" data-id=\"5121a14\" data-element_type=\"section\" data-e-type=\"section\">\n\t\t\t\t\t\t<div class=\"elementor-container elementor-column-gap-default\">\n\t\t\t\t\t<div class=\"elementor-column elementor-col-100 elementor-top-column elementor-element elementor-element-791f5da\" data-id=\"791f5da\" data-element_type=\"column\" data-e-type=\"column\">\n\t\t\t<div class=\"elementor-widget-wrap elementor-element-populated\">\n\t\t\t\t\t\t<div class=\"elementor-element elementor-element-8a63306 elementor-widget elementor-widget-image\" data-id=\"8a63306\" data-element_type=\"widget\" data-e-type=\"widget\" data-widget_type=\"image.default\">\n\t\t\t\t<div class=\"elementor-widget-container\">\n\t\t\t\t\t\t\t\t\t\t\t\t\t\t\t<img fetchpriority=\"high\" decoding=\"async\" width=\"800\" height=\"450\" src=\"https:\/\/pimpampum.fr\/wp-content\/uploads\/2025\/12\/Cabezote-Menu-2025-1024x576.jpg\" class=\"attachment-large size-large wp-image-16191\" alt=\"\" srcset=\"https:\/\/pimpampum.fr\/wp-content\/uploads\/2025\/12\/Cabezote-Menu-2025-1024x576.jpg 1024w, https:\/\/pimpampum.fr\/wp-content\/uploads\/2025\/12\/Cabezote-Menu-2025-300x169.jpg 300w, https:\/\/pimpampum.fr\/wp-content\/uploads\/2025\/12\/Cabezote-Menu-2025-768x432.jpg 768w, https:\/\/pimpampum.fr\/wp-content\/uploads\/2025\/12\/Cabezote-Menu-2025-1536x864.jpg 1536w, https:\/\/pimpampum.fr\/wp-content\/uploads\/2025\/12\/Cabezote-Menu-2025-18x10.jpg 18w, https:\/\/pimpampum.fr\/wp-content\/uploads\/2025\/12\/Cabezote-Menu-2025.jpg 1920w\" sizes=\"(max-width: 800px) 100vw, 800px\" \/>\t\t\t\t\t\t\t\t\t\t\t\t\t\t\t<\/div>\n\t\t\t\t<\/div>\n\t\t\t\t\t<\/div>\n\t\t<\/div>\n\t\t\t\t\t<\/div>\n\t\t<\/section>\n\t\t\t\t<section class=\"elementor-section elementor-top-section elementor-element elementor-element-8901bf5 elementor-section-boxed elementor-section-height-default elementor-section-height-default\" data-id=\"8901bf5\" data-element_type=\"section\" data-e-type=\"section\">\n\t\t\t\t\t\t<div class=\"elementor-container elementor-column-gap-default\">\n\t\t\t\t\t<div class=\"elementor-column elementor-col-100 elementor-top-column elementor-element elementor-element-c75ac2d\" data-id=\"c75ac2d\" data-element_type=\"column\" data-e-type=\"column\">\n\t\t\t<div class=\"elementor-widget-wrap elementor-element-populated\">\n\t\t\t\t\t\t<div class=\"elementor-element elementor-element-8bc2be9 elementor-widget elementor-widget-heading\" data-id=\"8bc2be9\" data-element_type=\"widget\" data-e-type=\"widget\" data-widget_type=\"heading.default\">\n\t\t\t\t<div class=\"elementor-widget-container\">\n\t\t\t\t\t<h2 class=\"elementor-heading-title elementor-size-default\"><a href=\"https:\/\/pimpampum.fr\/wp-content\/uploads\/2025\/12\/Espanol-MENU_Shirly_DURAN_2025.pdf\">Men\u00fa Espa\u00f1ol<\/a><\/h2>\t\t\t\t<\/div>\n\t\t\t\t<\/div>\n\t\t\t\t<div class=\"elementor-element elementor-element-8465697 elementor-widget elementor-widget-heading\" data-id=\"8465697\" data-element_type=\"widget\" data-e-type=\"widget\" data-widget_type=\"heading.default\">\n\t\t\t\t<div class=\"elementor-widget-container\">\n\t\t\t\t\t<h2 class=\"elementor-heading-title elementor-size-default\"><a href=\"https:\/\/pimpampum.fr\/wp-content\/uploads\/2025\/12\/Francais-MENU_Shirly_DURAN_2025.pdf\">Men\u00fa Francais<\/a><\/h2>\t\t\t\t<\/div>\n\t\t\t\t<\/div>\n\t\t\t\t<div class=\"elementor-element elementor-element-4dc3fc2 elementor-widget elementor-widget-heading\" data-id=\"4dc3fc2\" data-element_type=\"widget\" data-e-type=\"widget\" data-widget_type=\"heading.default\">\n\t\t\t\t<div class=\"elementor-widget-container\">\n\t\t\t\t\t<h2 class=\"elementor-heading-title elementor-size-default\"><a href=\"https:\/\/pimpampum.fr\/wp-content\/uploads\/2025\/04\/English_MENU_Shirly_DURAN_2025.pdf\">English Menu<\/a><\/h2>\t\t\t\t<\/div>\n\t\t\t\t<\/div>\n\t\t\t\t\t<\/div>\n\t\t<\/div>\n\t\t\t\t\t<\/div>\n\t\t<\/section>\n\t\t\t\t<\/div>","protected":false},"excerpt":{"rendered":"<p>Men\u00fa Espa\u00f1ol Men\u00fa Francais English Menu<\/p>","protected":false},"author":1,"featured_media":0,"parent":0,"menu_order":0,"comment_status":"closed","ping_status":"closed","template":"elementor_canvas","meta":{"googlesitekit_rrm_CAowsNXCDA:productID":"","footnotes":""},"class_list":["post-14345","page","type-page","status-publish"],"_links":{"self":[{"href":"https:\/\/pimpampum.fr\/en\/wp-json\/wp\/v2\/pages\/14345","targetHints":{"allow":["GET"]}}],"collection":[{"href":"https:\/\/pimpampum.fr\/en\/wp-json\/wp\/v2\/pages"}],"about":[{"href":"https:\/\/pimpampum.fr\/en\/wp-json\/wp\/v2\/types\/page"}],"author":[{"embeddable":true,"href":"https:\/\/pimpampum.fr\/en\/wp-json\/wp\/v2\/users\/1"}],"replies":[{"embeddable":true,"href":"https:\/\/pimpampum.fr\/en\/wp-json\/wp\/v2\/comments?post=14345"}],"version-history":[{"count":28,"href":"https:\/\/pimpampum.fr\/en\/wp-json\/wp\/v2\/pages\/14345\/revisions"}],"predecessor-version":[{"id":16201,"href":"https:\/\/pimpampum.fr\/en\/wp-json\/wp\/v2\/pages\/14345\/revisions\/16201"}],"wp:attachment":[{"href":"https:\/\/pimpampum.fr\/en\/wp-json\/wp\/v2\/media?parent=14345"}],"curies":[{"name":"wp","href":"https:\/\/api.w.org\/{rel}","templated":true}]}}