{"id":15727,"date":"2025-09-18T21:28:31","date_gmt":"2025-09-18T21:28:31","guid":{"rendered":"https:\/\/pimpampum.fr\/?page_id=15727"},"modified":"2025-09-18T21:37:42","modified_gmt":"2025-09-18T21:37:42","slug":"a-la-recherche-de-notre-prochain%c2%b7e-directeur%c2%b7rice-general%c2%b7e","status":"publish","type":"page","link":"https:\/\/pimpampum.fr\/en\/a-la-recherche-de-notre-prochain%c2%b7e-directeur%c2%b7rice-general%c2%b7e\/","title":{"rendered":"\u00c0 la recherche de notre prochain\u00b7e Directeur\u00b7rice G\u00e9n\u00e9ral\u00b7e"},"content":{"rendered":"<div data-elementor-type=\"wp-page\" data-elementor-id=\"15727\" class=\"elementor elementor-15727\">\n\t\t\t\t\t\t<section class=\"elementor-section elementor-top-section elementor-element elementor-element-67bae167 elementor-section-boxed elementor-section-height-default elementor-section-height-default\" data-id=\"67bae167\" data-element_type=\"section\" data-e-type=\"section\">\n\t\t\t\t\t\t<div class=\"elementor-container elementor-column-gap-default\">\n\t\t\t\t\t<div class=\"elementor-column elementor-col-100 elementor-top-column elementor-element elementor-element-6d90d0c8\" data-id=\"6d90d0c8\" data-element_type=\"column\" data-e-type=\"column\">\n\t\t\t<div class=\"elementor-widget-wrap elementor-element-populated\">\n\t\t\t\t\t\t<div class=\"elementor-element elementor-element-6668d795 elementor-widget elementor-widget-text-editor\" data-id=\"6668d795\" data-element_type=\"widget\" data-e-type=\"widget\" data-widget_type=\"text-editor.default\">\n\t\t\t\t<div class=\"elementor-widget-container\">\n\t\t\t\t\t\t\t\t\t<p><\/p>\n<p><strong>\u00c0 la recherche de notre prochain\u00b7e Directeur\u00b7rice G\u00e9n\u00e9ral\u00b7e<\/strong><\/p>\n<p><\/p>\n<p>Depuis 2022, Pim Pam Pum a eu la chance de b\u00e9n\u00e9ficier de l\u2019\u00e9nergie et de la contribution de notre premier et unique Directeur G\u00e9n\u00e9ral, l\u2019ing\u00e9nieur <strong>Louis Marin<\/strong>. M\u00eame s\u2019il n\u2019\u00e9tait pas toujours pr\u00e9sent, il a su semer des graines puissantes dans notre organisation, notamment dans l\u2019ordre et la rigueur, et avec son esprit frais, sa grande capacit\u00e9 relationnelle et son sourire attachant. Chacun de ses passages a laiss\u00e9 une empreinte profonde et positive sur notre ONG. Sa sensibilit\u00e9 aux enjeux mondiaux, son \u00e9nergie, son engagement pour le d\u00e9veloppement durable et son approche humaine et rigoureuse ont permis \u00e0 Pim Pam Pum de franchir des \u00e9tapes importantes : deux prix remport\u00e9s, une meilleure visibilit\u00e9, des projets solidement structur\u00e9s et un esprit de travail inspirant. Aujourd\u2019hui, il poursuit un projet personnel qui lui tient \u00e0 c\u0153ur, et nous lui adressons notre gratitude la plus sinc\u00e8re.<\/p>\n<p><\/p>\n<p>Aujourd\u2019hui, Pim Pam Pum grandit. Nous cherchons quelqu\u2019un pour relever le d\u00e9fi de diriger notre ONG \u00e0 Paris, une \u00e9quipe passionn\u00e9e compos\u00e9e d\u2019\u00e9tudiants, de professionnels et de b\u00e9n\u00e9voles, tous engag\u00e9s pour l\u2019empowerment des populations en situation de vuln\u00e9rabilit\u00e9, \u00e0 travers l\u2019\u00e9ducation, l\u2019art et la culture.<\/p>\n<p><\/p>\n<p>Nous ne cherchons pas un clone de notre ancien directeur, mais une personne capable de :<\/p>\n<p><\/p>\n<ul class=\"wp-block-list\"><p><\/p>\n<li>Travailler avec une \u00e9quipe interculturelle et interg\u00e9n\u00e9rationnelle, en valorisant la diversit\u00e9 et les talents de chacun, et ouverte \u00e0 coordonner et former l\u2019\u00e9quipe.<\/li>\n<p><\/p>\n<li>G\u00e9rer l\u2019administration et le d\u00e9veloppement de l\u2019ONG avec clart\u00e9 et rigueur, tout en favorisant la cr\u00e9ativit\u00e9 et l\u2019innovation, et en \u00e9tant ouverte \u00e0 la critique et \u00e0 la participation de chaque membre.<\/li>\n<p><\/p>\n<li>D\u00e9velopper des partenariats et collaborations strat\u00e9giques pour amplifier l\u2019impact de nos actions.<\/li>\n<p><\/p>\n<li>Concilier esprit jeune et structure solide, pour guider le projet avec \u00e9nergie et vision.<\/li>\n<p><\/p>\n<\/ul>\n<p><\/p>\n<p>Rejoindre Pim Pam Pum, c\u2019est participer \u00e0 des initiatives qui font la diff\u00e9rence, comme :<\/p>\n<p><\/p>\n<ul class=\"wp-block-list\"><p><\/p>\n<li><strong><a href=\"https:\/\/pimpampum.fr\/Projets\/projet-visibles\/\">the VISIBLES MMXXV project<\/a><\/strong> : offrir visibilit\u00e9 et mentorat \u00e0 des femmes photographes vivant dans des zones de conflit ou touch\u00e9es par des crises humanitaires.<\/li>\n<p><\/p>\n<li><strong><a href=\"https:\/\/pimpampum.fr\/Projets\/projet-reco\/\">RECO<\/a><\/strong> : promouvoir l\u2019\u00e9conomie circulaire et l\u2019int\u00e9gration sociale \u00e0 travers le upcycling de v\u00eatements, impliquant r\u00e9fugi\u00e9s, \u00e9tudiants en design et communaut\u00e9 locale.<\/li>\n<p><\/p>\n<\/ul>\n<p><\/p>\n<p>Si vous souhaitez mettre votre \u00e9nergie et vos comp\u00e9tences au service d\u2019un monde plus juste, en contribuant concr\u00e8tement \u00e0 l\u2019empowerment des populations vuln\u00e9rables, nous serions ravis de vous rencontrer.<\/p>\n<p><\/p>\n<p>Chez Pim Pam Pum, nous croyons qu\u2019ensemble, solidaires, \u00e0 travers l\u2019\u00e9ducation, l\u2019art et la culture, nous pouvons construire un futur o\u00f9 chacun a la possibilit\u00e9 de vivre mieux.<\/p>\n<p><\/p>\n<hr class=\"wp-block-separator has-alpha-channel-opacity\">\n<p><\/p>\n<p><\/p>\t\t\t\t\t\t\t\t<\/div>\n\t\t\t\t<\/div>\n\t\t\t\t\t<\/div>\n\t\t<\/div>\n\t\t\t\t\t<\/div>\n\t\t<\/section>\n\t\t\t\t<section class=\"elementor-section elementor-top-section elementor-element elementor-element-45d7c1a elementor-section-boxed elementor-section-height-default elementor-section-height-default\" data-id=\"45d7c1a\" data-element_type=\"section\" data-e-type=\"section\">\n\t\t\t\t\t\t<div class=\"elementor-container elementor-column-gap-default\">\n\t\t\t\t\t<div class=\"elementor-column elementor-col-100 elementor-top-column elementor-element elementor-element-b6b900a\" data-id=\"b6b900a\" data-element_type=\"column\" data-e-type=\"column\">\n\t\t\t<div class=\"elementor-widget-wrap elementor-element-populated\">\n\t\t\t\t\t\t<div class=\"elementor-element elementor-element-ab5eb18 elementor-widget elementor-widget-heading\" data-id=\"ab5eb18\" data-element_type=\"widget\" data-e-type=\"widget\" data-widget_type=\"heading.default\">\n\t\t\t\t<div class=\"elementor-widget-container\">\n\t\t\t\t\t<h2 class=\"elementor-heading-title elementor-size-default\">Pour nous envoyer votre candidature, merci de remplir le formulaire suivant :<\/h2>\t\t\t\t<\/div>\n\t\t\t\t<\/div>\n\t\t\t\t\t<\/div>\n\t\t<\/div>\n\t\t\t\t\t<\/div>\n\t\t<\/section>\n\t\t\t\t<section class=\"elementor-section elementor-top-section elementor-element elementor-element-2e40281 elementor-section-boxed elementor-section-height-default elementor-section-height-default\" data-id=\"2e40281\" data-element_type=\"section\" data-e-type=\"section\">\n\t\t\t\t\t\t<div class=\"elementor-container elementor-column-gap-default\">\n\t\t\t\t\t<div class=\"elementor-column elementor-col-100 elementor-top-column elementor-element elementor-element-6cb45cb\" data-id=\"6cb45cb\" data-element_type=\"column\" data-e-type=\"column\">\n\t\t\t<div class=\"elementor-widget-wrap elementor-element-populated\">\n\t\t\t\t\t\t<div class=\"elementor-element elementor-element-38bf4af elementor-widget__width-initial elementor-widget elementor-widget-html\" data-id=\"38bf4af\" data-element_type=\"widget\" data-e-type=\"widget\" data-widget_type=\"html.default\">\n\t\t\t\t<div class=\"elementor-widget-container\">\n\t\t\t\t\t<iframe width=\"100%\" height=\"800px\" data-src=\"https:\/\/forms.office.com\/Pages\/ResponsePage.aspx?id=DQSIkWdsW0yxEjajBLZtrQAAAAAAAAAAAAO__p6l0JlUODJSNlpSN0dORFBOWkhIVUoxSk03VFg4QS4u&embed=true\" frameborder=\"0\" marginwidth=\"0\" marginheight=\"0\" style=\"border: none; max-width:100%; max-height:100vh\" allowfullscreen webkitallowfullscreen mozallowfullscreen msallowfullscreen src=\"data:image\/svg+xml;base64,PHN2ZyB3aWR0aD0iMSIgaGVpZ2h0PSIxIiB4bWxucz0iaHR0cDovL3d3dy53My5vcmcvMjAwMC9zdmciPjwvc3ZnPg==\" class=\"lazyload\" data-load-mode=\"1\"> <\/iframe>\t\t\t\t<\/div>\n\t\t\t\t<\/div>\n\t\t\t\t<div class=\"elementor-element elementor-element-6d20a07 elementor-widget elementor-widget-spacer\" data-id=\"6d20a07\" data-element_type=\"widget\" data-e-type=\"widget\" data-widget_type=\"spacer.default\">\n\t\t\t\t<div class=\"elementor-widget-container\">\n\t\t\t\t\t\t\t<div class=\"elementor-spacer\">\n\t\t\t<div class=\"elementor-spacer-inner\"><\/div>\n\t\t<\/div>\n\t\t\t\t\t\t<\/div>\n\t\t\t\t<\/div>\n\t\t\t\t\t<\/div>\n\t\t<\/div>\n\t\t\t\t\t<\/div>\n\t\t<\/section>\n\t\t\t\t<\/div>","protected":false},"excerpt":{"rendered":"<p>\u00c0 la recherche de notre prochain\u00b7e Directeur\u00b7rice G\u00e9n\u00e9ral\u00b7e Depuis 2022, Pim Pam Pum a eu la chance de b\u00e9n\u00e9ficier de l\u2019\u00e9nergie et de la contribution de notre premier et unique Directeur G\u00e9n\u00e9ral, l\u2019ing\u00e9nieur Louis Marin. M\u00eame s\u2019il n\u2019\u00e9tait pas toujours&hellip;<\/p>\n<p> <a class=\"more-link\" href=\"https:\/\/pimpampum.fr\/en\/a-la-recherche-de-notre-prochain%c2%b7e-directeur%c2%b7rice-general%c2%b7e\/\">Read more<\/a><\/p>","protected":false},"author":1,"featured_media":0,"parent":0,"menu_order":0,"comment_status":"closed","ping_status":"closed","template":"","meta":{"googlesitekit_rrm_CAowsNXCDA:productID":"","footnotes":""},"class_list":["post-15727","page","type-page","status-publish"],"_links":{"self":[{"href":"https:\/\/pimpampum.fr\/en\/wp-json\/wp\/v2\/pages\/15727","targetHints":{"allow":["GET"]}}],"collection":[{"href":"https:\/\/pimpampum.fr\/en\/wp-json\/wp\/v2\/pages"}],"about":[{"href":"https:\/\/pimpampum.fr\/en\/wp-json\/wp\/v2\/types\/page"}],"author":[{"embeddable":true,"href":"https:\/\/pimpampum.fr\/en\/wp-json\/wp\/v2\/users\/1"}],"replies":[{"embeddable":true,"href":"https:\/\/pimpampum.fr\/en\/wp-json\/wp\/v2\/comments?post=15727"}],"version-history":[{"count":7,"href":"https:\/\/pimpampum.fr\/en\/wp-json\/wp\/v2\/pages\/15727\/revisions"}],"predecessor-version":[{"id":15735,"href":"https:\/\/pimpampum.fr\/en\/wp-json\/wp\/v2\/pages\/15727\/revisions\/15735"}],"wp:attachment":[{"href":"https:\/\/pimpampum.fr\/en\/wp-json\/wp\/v2\/media?parent=15727"}],"curies":[{"name":"wp","href":"https:\/\/api.w.org\/{rel}","templated":true}]}}