{"id":3,"date":"2022-02-03T13:35:46","date_gmt":"2022-02-03T13:35:46","guid":{"rendered":"http:\/\/pimpampum.fr\/?page_id=3"},"modified":"2024-05-07T17:22:29","modified_gmt":"2024-05-07T17:22:29","slug":"privacy-policy","status":"publish","type":"page","link":"https:\/\/pimpampum.fr\/en\/privacy-policy\/","title":{"rendered":"Politique de Confidentialit\u00e9"},"content":{"rendered":"<div data-elementor-type=\"wp-page\" data-elementor-id=\"3\" class=\"elementor elementor-3\">\n\t\t\t\t\t\t<section class=\"elementor-section elementor-top-section elementor-element elementor-element-34242783 elementor-section-boxed elementor-section-height-default elementor-section-height-default\" data-id=\"34242783\" data-element_type=\"section\" data-e-type=\"section\">\n\t\t\t\t\t\t<div class=\"elementor-container elementor-column-gap-default\">\n\t\t\t\t\t<div class=\"elementor-column elementor-col-100 elementor-top-column elementor-element elementor-element-4db8329\" data-id=\"4db8329\" data-element_type=\"column\" data-e-type=\"column\">\n\t\t\t<div class=\"elementor-widget-wrap elementor-element-populated\">\n\t\t\t\t\t\t<div class=\"elementor-element elementor-element-4ec898bb elementor-widget elementor-widget-text-editor\" data-id=\"4ec898bb\" data-element_type=\"widget\" data-e-type=\"widget\" data-widget_type=\"text-editor.default\">\n\t\t\t\t<div class=\"elementor-widget-container\">\n\t\t\t\t\t\t\t\t\t\n<h3 class=\"p1\"><b>Politique de confidentialit\u00e9<\/b><\/h3>\n<p class=\"p1\"><strong>Derni\u00e8re mise \u00e0 jour<\/strong> : 01 mai 2023<\/p>\n<p class=\"p1\">Nous, \u00e0 ONG Pum Pam Pum, nous nous engageons \u00e0 prot\u00e9ger la vie priv\u00e9e de nos utilisateurs. Cette politique de confidentialit\u00e9 d\u00e9crit comment nous recueillons, utilisons et prot\u00e9geons les informations personnelles que vous fournissez sur notre site Web <a href=\"https:\/\/pimpampum.fr\/\"><span class=\"s1\">https:\/\/pimpampum.fr\/<\/span><\/a><\/p>\n<h3 class=\"p1\"><b>Informations que nous recueillons<\/b><\/h3>\n<p><b>Informations personnelles :<\/b> Nous pouvons recueillir des informations personnelles identifiables, telles que votre nom, adresse e-mail, num\u00e9ro de t\u00e9l\u00e9phone et adresse postale, lorsque vous nous les fournissez volontairement en remplissant des formulaires sur notre site Web.<\/p>\n<p><b>Informations sur l&rsquo;appareil :<\/b> Nous pouvons \u00e9galement recueillir des informations sur votre appareil, telles que votre adresse IP, type de navigateur, version du navigateur, pages de notre site Web que vous visitez, l&rsquo;heure et la date de votre visite, le temps pass\u00e9 sur ces pages et d&rsquo;autres donn\u00e9es de diagnostic.<\/p>\n<h3 class=\"p1\"><b>Comment nous utilisons vos informations<\/b><\/h3>\n<p class=\"p1\"><strong>Nous utilisons les informations que nous recueillons \u00e0 diverses fins, notamment :<\/strong><\/p>\n<ul class=\"ul1\">\n<li class=\"li1\">Fournir, exploiter et maintenir notre site Web.<\/li>\n<li class=\"li1\">Am\u00e9liorer, personnaliser et \u00e9tendre notre site Web.<\/li>\n<li class=\"li1\">Communiquer avec vous, y compris l&rsquo;envoi de bulletins d&rsquo;information, de mises \u00e0 jour et d&rsquo;e-mails promotionnels.<\/li>\n<li class=\"li1\">Analyser les tendances et les mod\u00e8les d&rsquo;utilisation sur notre site Web.<\/li>\n<li class=\"li1\">D\u00e9tecter, pr\u00e9venir et r\u00e9soudre les probl\u00e8mes techniques et de s\u00e9curit\u00e9.<\/li>\n<\/ul>\n<h3 class=\"p1\"><b>Divulgation des informations<\/b><\/h3>\n<p class=\"p1\">Nous ne partageons, ne vendons ni ne louons vos informations personnelles \u00e0 des tiers, sauf si cela est n\u00e9cessaire pour exploiter notre site Web, se conformer \u00e0 la loi ou prot\u00e9ger nos droits.<\/p>\n<h3 class=\"p1\"><b>Cookies et technologies similaires<\/b><\/h3>\n<p class=\"p1\">Nous utilisons des cookies et des technologies similaires pour recueillir des informations sur votre activit\u00e9 sur notre site Web et am\u00e9liorer votre exp\u00e9rience utilisateur. Vous pouvez configurer votre navigateur pour qu&rsquo;il refuse tous les cookies ou pour qu&rsquo;il vous avertisse lorsque des cookies sont envoy\u00e9s. Cependant, si vous n&rsquo;acceptez pas les cookies, certaines parties de notre site Web peuvent ne pas fonctionner correctement.<\/p>\n<h3 class=\"p1\"><b>Modifications de cette politique<\/b><\/h3>\n<p class=\"p1\">Nous nous r\u00e9servons le droit de mettre \u00e0 jour cette politique de confidentialit\u00e9 \u00e0 tout moment. Nous vous informerons de tout changement en publiant la nouvelle politique de confidentialit\u00e9 sur cette page.<\/p>\n<h3 class=\"p1\"><b>Contact us<\/b><\/h3>\n<p class=\"p1\">Si vous avez des questions sur cette politique de confidentialit\u00e9, n&rsquo;h\u00e9sitez pas \u00e0 nous contacter \u00e0 l&rsquo;adresse e-mail suivante : <a href=\"mailto:info@pimpampum.fr\"><span class=\"s1\">info@pimpampum.fr<\/span><\/a><\/p>\n\t\t\t\t\t\t\t\t<\/div>\n\t\t\t\t<\/div>\n\t\t\t\t\t<\/div>\n\t\t<\/div>\n\t\t\t\t\t<\/div>\n\t\t<\/section>\n\t\t\t\t<\/div>","protected":false},"excerpt":{"rendered":"<p>Politique de confidentialit\u00e9 Derni\u00e8re mise \u00e0 jour : 01 mai 2023 Nous, \u00e0 ONG Pum Pam Pum, nous nous engageons \u00e0 prot\u00e9ger la vie priv\u00e9e de nos utilisateurs. Cette politique de confidentialit\u00e9 d\u00e9crit comment nous recueillons, utilisons et prot\u00e9geons les&hellip;<\/p>\n<p> <a class=\"more-link\" href=\"https:\/\/pimpampum.fr\/en\/privacy-policy\/\">Read more<\/a><\/p>","protected":false},"author":1,"featured_media":0,"parent":0,"menu_order":0,"comment_status":"closed","ping_status":"open","template":"","meta":{"googlesitekit_rrm_CAowsNXCDA:productID":"","footnotes":""},"class_list":["post-3","page","type-page","status-publish"],"_links":{"self":[{"href":"https:\/\/pimpampum.fr\/en\/wp-json\/wp\/v2\/pages\/3","targetHints":{"allow":["GET"]}}],"collection":[{"href":"https:\/\/pimpampum.fr\/en\/wp-json\/wp\/v2\/pages"}],"about":[{"href":"https:\/\/pimpampum.fr\/en\/wp-json\/wp\/v2\/types\/page"}],"author":[{"embeddable":true,"href":"https:\/\/pimpampum.fr\/en\/wp-json\/wp\/v2\/users\/1"}],"replies":[{"embeddable":true,"href":"https:\/\/pimpampum.fr\/en\/wp-json\/wp\/v2\/comments?post=3"}],"version-history":[{"count":7,"href":"https:\/\/pimpampum.fr\/en\/wp-json\/wp\/v2\/pages\/3\/revisions"}],"predecessor-version":[{"id":14063,"href":"https:\/\/pimpampum.fr\/en\/wp-json\/wp\/v2\/pages\/3\/revisions\/14063"}],"wp:attachment":[{"href":"https:\/\/pimpampum.fr\/en\/wp-json\/wp\/v2\/media?parent=3"}],"curies":[{"name":"wp","href":"https:\/\/api.w.org\/{rel}","templated":true}]}}